{"id":1704,"date":"2025-09-09T12:16:26","date_gmt":"2025-09-09T12:16:26","guid":{"rendered":"https:\/\/sunlabpool.com\/faq\/"},"modified":"2026-04-01T15:03:43","modified_gmt":"2026-04-01T15:03:43","slug":"faq","status":"publish","type":"page","link":"https:\/\/sunlabpool.com\/fr\/faq\/","title":{"rendered":"FAQ"},"content":{"rendered":"<p>[et_pb_section fb_built=&#8221;1&#8243; _builder_version=&#8221;4.27.4&#8243; _module_preset=&#8221;1eb24ec6-88e3-4466-b187-330450fc1e59&#8243; min_height_tablet=&#8221;&#8221; min_height_phone=&#8221;&#8221; min_height_last_edited=&#8221;on|desktop&#8221; global_colors_info=&#8221;{}&#8221;][et_pb_row _builder_version=&#8221;4.27.4&#8243; _module_preset=&#8221;default&#8221; custom_margin=&#8221;||||false|false&#8221; custom_padding=&#8221;||||false|false&#8221; global_colors_info=&#8221;{}&#8221;][et_pb_column type=&#8221;4_4&#8243; _builder_version=&#8221;4.27.4&#8243; _module_preset=&#8221;default&#8221; global_colors_info=&#8221;{}&#8221;][et_pb_text _builder_version=&#8221;4.27.4&#8243; _module_preset=&#8221;default&#8221; text_font=&#8221;All Round Gothic &#8211; Book|600|||||||&#8221; text_text_color=&#8221;#D5A869&#8243; text_letter_spacing=&#8221;1px&#8221; header_font=&#8221;Good times||||||||&#8221; header_text_color=&#8221;#FFFFFF&#8221; text_orientation=&#8221;center&#8221; module_alignment=&#8221;center&#8221; custom_padding=&#8221;40px||||false|false&#8221; custom_css_free_form=&#8221;selector h1{||  margin-top: 10px;||}&#8221; global_colors_info=&#8221;{}&#8221;]<\/p>\n<p>FAQ<\/p>\n<h1>Piscines hors terre SunLab<\/h1>\n<p>[\/et_pb_text][et_pb_text _builder_version=&#8221;4.27.4&#8243; _module_preset=&#8221;default&#8221; text_text_color=&#8221;#FFFFFF&#8221; text_orientation=&#8221;center&#8221; max_width=&#8221;80%&#8221; max_width_tablet=&#8221;80%&#8221; max_width_phone=&#8221;100%&#8221; max_width_last_edited=&#8221;off|desktop&#8221; module_alignment=&#8221;center&#8221; global_colors_info=&#8221;{}&#8221;]<\/p>\n<p>Bienvenue sur notre page Foire aux questions! Que vous magasiniez pour une piscine ou que vous en poss\u00e9diez d\u00e9j\u00e0 une, ce guide vous aidera \u00e0 tirer le meilleur parti de votre piscine hors terre SunLab.<\/p>\n<p>[\/et_pb_text][\/et_pb_column][\/et_pb_row][\/et_pb_section][et_pb_section fb_built=&#8221;1&#8243; _builder_version=&#8221;4.27.4&#8243; _module_preset=&#8221;default&#8221; background_color=&#8221;#fcfaf6&#8243; global_colors_info=&#8221;{}&#8221;][et_pb_row _builder_version=&#8221;4.27.4&#8243; _module_preset=&#8221;default&#8221; custom_padding=&#8221;||50px||false|false&#8221; border_width_bottom=&#8221;1px&#8221; border_color_bottom=&#8221;#05323A&#8221; global_colors_info=&#8221;{}&#8221;][et_pb_column type=&#8221;4_4&#8243; _builder_version=&#8221;4.27.4&#8243; _module_preset=&#8221;default&#8221; global_colors_info=&#8221;{}&#8221;][et_pb_accordion open_toggle_text_color=&#8221;#D5A869&#8243; open_toggle_background_color=&#8221;RGBA(255,255,255,0)&#8221; closed_toggle_background_color=&#8221;RGBA(255,255,255,0)&#8221; icon_color=&#8221;#05323A&#8221; _builder_version=&#8221;4.27.4&#8243; _module_preset=&#8221;default&#8221; toggle_text_color=&#8221;#05323A&#8221; toggle_level=&#8221;h4&#8243; toggle_font=&#8221;All Round Gothic &#8211; Regulare|600|||||||&#8221; body_text_color=&#8221;#05323A&#8221; body_link_font=&#8221;||||on||||&#8221; toggle_font_size_tablet=&#8221;3.5vw&#8221; toggle_font_size_phone=&#8221;4.5vw&#8221; toggle_font_size_last_edited=&#8221;off|desktop&#8221; custom_css_free_form=&#8221;selector .et_pb_toggle_close .et_pb_toggle_title:before{||  content:&#8217;%9224&#8242;!important;||  border: 0.5px solid #333333;||    width: 22px;||    height: 22px;||    margin-top: -13px;||    padding: 5px;||    border-radius: 100px;||    text-align: center;||    display: inline-flex;||    margin-left: 0.6em !important;||    justify-content: center;||    align-items: center;||  font-family: ETmodules !important;||}||selector .et_pb_toggle_open .et_pb_toggle_title:after{||  content:&#8217;%9222&#8242;!important;||  border: 0.5px solid #333333;||    width: 22px;||    height: 22px;||    padding: 5px;||  margin-top: 3px;||  font-weight: 400;||  font-size: 17px;||  position: absolute;||  top: 50%;||  transform: translateY(-50%);||  right: 0;||    border-radius: 100px;||    text-align: center;||    display: inline-flex;||    margin-left: 0.6em !important;||    justify-content: center;||    align-items: center;||  font-family: ETmodules !important;||}||selector .et_pb_toggle_open{||  border-bottom-color: #d5a869!important;||}&#8221; custom_css_toggle=&#8221;margin-bottom: 0;&#8221; border_width_all=&#8221;0px&#8221; border_color_all=&#8221;RGBA(255,255,255,0)&#8221; border_width_bottom=&#8221;2px&#8221; border_color_bottom=&#8221;#05323A&#8221; global_colors_info=&#8221;{}&#8221;][et_pb_accordion_item title=&#8221;Quelles tailles sont disponibles pour les piscines hors terre SunLab?&#8221; open=&#8221;on&#8221; _builder_version=&#8221;4.27.4&#8243; _module_preset=&#8221;default&#8221; custom_css_free_form=&#8221;.divider{||  border: 0.2px solid; width: 100%;||display: block;||  margin-top: 12px;||  margin-bottom: 12px;||}&#8221; global_colors_info=&#8221;{}&#8221; toggle_level=&#8221;h2&#8243; toggle_font=&#8221;|700|||||||&#8221;]<\/p>\n<p>Nous proposons deux s\u00e9ries de piscines :<\/p>\n<p>S\u00e9rie S5 (structure S500 et S510)<br \/>&#8211; Rondes : 3,66 m, 4,57 m, 5,49 m, 6,40 m, 7,32 m, 8,23 m, 9,14 m, 10,06 m<br \/>&#8211; Ovales : 3,66 m x 4,57 m, 3,66 m x 5,49 m, 3,66 m x 6,40 m, 3,66 m x 7,32 m, 4,57 m x 6,40 m, 4,57 m x 7,32 m, 4,57 m x 9,14 m, 5,49 m x 10,06 m, 5,49 m x 11,89 m<\/p>\n<p>S\u00e9rie S3 (structure S300 et 310)<br \/>&#8211; Rondes : 3,66 m, 4,57 m, 5,49 m, 6,40 m, 7,32 m, 8,23 m<\/p>\n<p>Parfaites pour les jardins de toutes formes et tailles.<\/p>\n<p>[\/et_pb_accordion_item][et_pb_accordion_item title=&#8221;Quelle est la meilleure base pour installer ma piscine SunLab?&#8221; _builder_version=&#8221;4.27.4&#8243; _module_preset=&#8221;default&#8221; global_colors_info=&#8221;{}&#8221; toggle_level=&#8221;h2&#8243; open=&#8221;off&#8221;]<\/p>\n<p>Pour de meilleurs r\u00e9sultats, installez votre piscine sur :<br \/>&#8211; Une base de sable nivel\u00e9e et compact\u00e9e<br \/>&#8211; Avec une toile de sol protectrice sous le liner<\/p>\n<p>\u00c9vitez d&#8217;installer sur :<br \/>Du b\u00e9ton, de l&#8217;asphalte, du bois, de l&#8217;herbe, de l&#8217;argile, du gravier ou un sol remblay\u00e9. Assurez-vous que l&#8217;endroit est exempt de pierres, de racines ou de services publics souterrains (comme des fosses septiques ou des conduites de gaz).<\/p>\n<p>[\/et_pb_accordion_item][et_pb_accordion_item title=&#8221;Comment puis-je entretenir ma piscine hors terre?&#8221; _builder_version=&#8221;4.27.4&#8243; _module_preset=&#8221;default&#8221; global_colors_info=&#8221;{}&#8221; toggle_level=&#8221;h2&#8243; open=&#8221;off&#8221;]<\/p>\n<p>Suivez cette routine d&#8217;entretien hebdomadaire :<br \/>&#8211; \u00c9cumez les d\u00e9bris de surface<br \/>&#8211; Videz les paniers de l&#8217;\u00e9cumoire et de la pompe<br \/>&#8211; Brossez les parois et aspirez le fond<br \/>&#8211; Nettoyez ou effectuez un contre-lavage du filtre<br \/>&#8211; \u00c9quilibrez le pH, le chlore et l&#8217;alcalinit\u00e9<br \/>&#8211; Traitez l&#8217;eau avec un choc si n\u00e9cessaire<\/p>\n<p>Un entretien r\u00e9gulier = une piscine propre et durable !<\/p>\n<p>[\/et_pb_accordion_item][et_pb_accordion_item title=&#8221;Quel type de traitement d\u2019eau choisir?&#8221; _builder_version=&#8221;4.27.4&#8243; _module_preset=&#8221;default&#8221; global_colors_info=&#8221;{}&#8221; toggle_level=&#8221;h2&#8243; open=&#8221;off&#8221;]<\/p>\n<p>Pour garder l&#8217;eau claire et saine :<br \/>&#8211; Maintenez le pH entre 7,2 et 7,6<br \/>&#8211; Utilisez du chlore, du brome ou de l&#8217;oxyg\u00e8ne actif<br \/>&#8211; Faites fonctionner votre syst\u00e8me de filtration au moins 8 heures par jour pour assurer deux renouvellements complets de l&#8217;eau, selon la taille de la piscine et la capacit\u00e9 de la pompe.<br \/>&#8211; Brossez et aspirez r\u00e9guli\u00e8rement<\/p>\n<p>[\/et_pb_accordion_item][et_pb_accordion_item title=&#8221;Comment puis-je hiverniser ma piscine SunLab?&#8221; _builder_version=&#8221;4.27.4&#8243; _module_preset=&#8221;default&#8221; global_colors_info=&#8221;{}&#8221; toggle_level=&#8221;h2&#8243; open=&#8221;off&#8221;]<\/p>\n<p>Lorsque les temp\u00e9ratures descendent en dessous de 10 \u00b0C, suivez ces \u00e9tapes :<br \/>&#8211; \u00c9quilibrez la chimie de l&#8217;eau et v\u00e9rifiez l&#8217;absence de fuites<br \/>&#8211; Aspirez le fond<br \/>&#8211; Abaissez le niveau d&#8217;eau de 15 \u00e0 50 cm en dessous du refoulement<br \/>&#8211; D\u00e9connectez la plomberie et laissez les vannes ouvertes<br \/>&#8211; Ajouter de l\u2019antigel au tuyau de drain de fond, si pr\u00e9sent.<br \/>&#8211; Utilisez un filet \u00e0 feuilles (retirez-la avant les gel\u00e9es)<\/p>\n<p>Cela prot\u00e8ge votre piscine pendant l&#8217;hiver.<\/p>\n<p>[\/et_pb_accordion_item][et_pb_accordion_item title=&#8221;Puis-je r\u00e9parer ma toile sans vider ma piscine?&#8221; _builder_version=&#8221;4.27.4&#8243; _module_preset=&#8221;default&#8221; global_colors_info=&#8221;{}&#8221; toggle_level=&#8221;h2&#8243; open=&#8221;off&#8221;]<\/p>\n<p>Oui! Les perforations mineures peuvent \u00eatre r\u00e9par\u00e9es \u00e0 l&#8217;aide d&#8217;un kit de r\u00e9paration de toile, disponible dans la plupart des magasins de piscines. Beaucoup de kits fonctionnent sous l&#8217;eau, donc le drainage n&#8217;est pas n\u00e9cessaire.<\/p>\n<p>[\/et_pb_accordion_item][et_pb_accordion_item title=&#8221;Pourquoi choisir une piscine hors terre SunLab?&#8221; _builder_version=&#8221;4.27.4&#8243; _module_preset=&#8221;default&#8221; global_colors_info=&#8221;{}&#8221; toggle_level=&#8221;h2&#8243; open=&#8221;off&#8221;]<\/p>\n<p>Les piscines SunLab sont con\u00e7ues pour :<br \/>&#8211; Une construction solide et durable<br \/>&#8211; Un design \u00e9pur\u00e9 et moderne<br \/>&#8211; Un entretien facile<br \/>&#8211; De multiples options de taille<br \/>&#8211; Une installation fiable et conviviale<br \/>&#8211; Toutes nos piscines sont certifi\u00e9es ICC-ES pour leur qualit\u00e9 et leur conformit\u00e9<\/p>\n<p>Elles conviennent parfaitement aux familles, aux couples et \u00e0 tous ceux qui aiment les plaisirs de l&#8217;\u00e9t\u00e9.<\/p>\n<p>[\/et_pb_accordion_item][et_pb_accordion_item title=&#8221;Pr\u00eat \u00e0 transformer votre cour arri\u00e8re?&#8221; _builder_version=&#8221;4.27.4&#8243; _module_preset=&#8221;default&#8221; global_colors_info=&#8221;{}&#8221; toggle_level=&#8221;h2&#8243; open=&#8221;off&#8221;]<\/p>\n<p>Explorez les piscines des <a href=\"\/pools\/\">s\u00e9ries S3 et S5 \u00bb<\/a><\/p>\n<p>[\/et_pb_accordion_item][\/et_pb_accordion][\/et_pb_column][\/et_pb_row][et_pb_row _builder_version=&#8221;4.27.4&#8243; _module_preset=&#8221;default&#8221; global_colors_info=&#8221;{}&#8221;][et_pb_column type=&#8221;4_4&#8243; _builder_version=&#8221;4.27.4&#8243; _module_preset=&#8221;default&#8221; global_colors_info=&#8221;{}&#8221;][et_pb_text _builder_version=&#8221;4.27.4&#8243; _module_preset=&#8221;default&#8221; custom_margin=&#8221;||10px||false|false&#8221; global_colors_info=&#8221;{}&#8221;]<\/p>\n<h3>Vous avez d&#8217;autres questions?<\/h3>\n<p>[\/et_pb_text][et_pb_button button_url=&#8221;@ET-DC@eyJkeW5hbWljIjp0cnVlLCJjb250ZW50IjoicG9zdF9saW5rX3VybF9wYWdlIiwic2V0dGluZ3MiOnsicG9zdF9pZCI6IjQ5MCJ9fQ==@&#8221; button_text=&#8221;Nous contacter&#8221; _builder_version=&#8221;4.27.4&#8243; _dynamic_attributes=&#8221;button_url&#8221; _module_preset=&#8221;4bc9a469-0d4e-4567-a03e-25484a34591e&#8221; global_colors_info=&#8221;{}&#8221;][\/et_pb_button][\/et_pb_column][\/et_pb_row][\/et_pb_section]<\/p>\n","protected":false},"excerpt":{"rendered":"<p>FAQ Piscines hors terre SunLabBienvenue sur notre page Foire aux questions! Que vous magasiniez pour une piscine ou que vous en poss\u00e9diez d\u00e9j\u00e0 une, ce guide vous aidera \u00e0 tirer le meilleur parti de votre piscine hors terre SunLab.Nous proposons deux s\u00e9ries de piscines : S\u00e9rie S5 (structure S500 et S510)- Rondes : 3,66 m, [&hellip;]<\/p>\n","protected":false},"author":3,"featured_media":0,"parent":0,"menu_order":0,"comment_status":"closed","ping_status":"closed","template":"","meta":{"_acf_changed":false,"_et_pb_use_builder":"on","_et_pb_old_content":"","_et_gb_content_width":"","footnotes":""},"class_list":["post-1704","page","type-page","status-publish","hentry"],"acf":[],"yoast_head":"<!-- This site is optimized with the Yoast SEO plugin v27.3 - https:\/\/yoast.com\/product\/yoast-seo-wordpress\/ -->\n<title>FAQ SunLab | Installation et informations sur le produit | SunLab Pool<\/title>\n<meta name=\"description\" content=\"Trouvez des r\u00e9ponses concernant l&#039;installation, la durabilit\u00e9 et l&#039;entretien des piscines SunLab. Des conseils clairs pour choisir le bon mod\u00e8le.\" \/>\n<meta name=\"robots\" content=\"index, follow, max-snippet:-1, max-image-preview:large, max-video-preview:-1\" \/>\n<link rel=\"canonical\" href=\"https:\/\/sunlabpool.com\/fr\/faq\/\" \/>\n<meta property=\"og:locale\" content=\"fr_FR\" \/>\n<meta property=\"og:type\" content=\"article\" \/>\n<meta property=\"og:title\" content=\"FAQ SunLab | Installation et informations sur le produit | SunLab Pool\" \/>\n<meta property=\"og:description\" content=\"Trouvez des r\u00e9ponses concernant l&#039;installation, la durabilit\u00e9 et l&#039;entretien des piscines SunLab. Des conseils clairs pour choisir le bon mod\u00e8le.\" \/>\n<meta property=\"og:url\" content=\"https:\/\/sunlabpool.com\/fr\/faq\/\" \/>\n<meta property=\"og:site_name\" content=\"Sunlab Pool\" \/>\n<meta property=\"article:modified_time\" content=\"2026-04-01T15:03:43+00:00\" \/>\n<meta name=\"twitter:card\" content=\"summary_large_image\" \/>\n<meta name=\"twitter:label1\" content=\"Dur\u00e9e de lecture estim\u00e9e\" \/>\n\t<meta name=\"twitter:data1\" content=\"3 minutes\" \/>\n<script type=\"application\/ld+json\" class=\"yoast-schema-graph\">{\"@context\":\"https:\\\/\\\/schema.org\",\"@graph\":[{\"@type\":\"WebPage\",\"@id\":\"https:\\\/\\\/sunlabpool.com\\\/fr\\\/faq\\\/\",\"url\":\"https:\\\/\\\/sunlabpool.com\\\/fr\\\/faq\\\/\",\"name\":\"FAQ SunLab | Installation et informations sur le produit | SunLab Pool\",\"isPartOf\":{\"@id\":\"https:\\\/\\\/sunlabpool.com\\\/#website\"},\"datePublished\":\"2025-09-09T12:16:26+00:00\",\"dateModified\":\"2026-04-01T15:03:43+00:00\",\"description\":\"Trouvez des r\u00e9ponses concernant l'installation, la durabilit\u00e9 et l'entretien des piscines SunLab. Des conseils clairs pour choisir le bon mod\u00e8le.\",\"breadcrumb\":{\"@id\":\"https:\\\/\\\/sunlabpool.com\\\/fr\\\/faq\\\/#breadcrumb\"},\"inLanguage\":\"fr-FR\",\"potentialAction\":[{\"@type\":\"ReadAction\",\"target\":[\"https:\\\/\\\/sunlabpool.com\\\/fr\\\/faq\\\/\"]}]},{\"@type\":\"BreadcrumbList\",\"@id\":\"https:\\\/\\\/sunlabpool.com\\\/fr\\\/faq\\\/#breadcrumb\",\"itemListElement\":[{\"@type\":\"ListItem\",\"position\":1,\"name\":\"Home\",\"item\":\"https:\\\/\\\/sunlabpool.com\\\/fr\\\/\"},{\"@type\":\"ListItem\",\"position\":2,\"name\":\"FAQ\"}]},{\"@type\":\"WebSite\",\"@id\":\"https:\\\/\\\/sunlabpool.com\\\/#website\",\"url\":\"https:\\\/\\\/sunlabpool.com\\\/\",\"name\":\"Sunlab Pool\",\"description\":\"\",\"potentialAction\":[{\"@type\":\"SearchAction\",\"target\":{\"@type\":\"EntryPoint\",\"urlTemplate\":\"https:\\\/\\\/sunlabpool.com\\\/?s={search_term_string}\"},\"query-input\":{\"@type\":\"PropertyValueSpecification\",\"valueRequired\":true,\"valueName\":\"search_term_string\"}}],\"inLanguage\":\"fr-FR\"}]}<\/script>\n<!-- \/ Yoast SEO plugin. -->","yoast_head_json":{"title":"FAQ SunLab | Installation et informations sur le produit | SunLab Pool","description":"Trouvez des r\u00e9ponses concernant l'installation, la durabilit\u00e9 et l'entretien des piscines SunLab. Des conseils clairs pour choisir le bon mod\u00e8le.","robots":{"index":"index","follow":"follow","max-snippet":"max-snippet:-1","max-image-preview":"max-image-preview:large","max-video-preview":"max-video-preview:-1"},"canonical":"https:\/\/sunlabpool.com\/fr\/faq\/","og_locale":"fr_FR","og_type":"article","og_title":"FAQ SunLab | Installation et informations sur le produit | SunLab Pool","og_description":"Trouvez des r\u00e9ponses concernant l'installation, la durabilit\u00e9 et l'entretien des piscines SunLab. Des conseils clairs pour choisir le bon mod\u00e8le.","og_url":"https:\/\/sunlabpool.com\/fr\/faq\/","og_site_name":"Sunlab Pool","article_modified_time":"2026-04-01T15:03:43+00:00","twitter_card":"summary_large_image","twitter_misc":{"Dur\u00e9e de lecture estim\u00e9e":"3 minutes"},"schema":{"@context":"https:\/\/schema.org","@graph":[{"@type":"WebPage","@id":"https:\/\/sunlabpool.com\/fr\/faq\/","url":"https:\/\/sunlabpool.com\/fr\/faq\/","name":"FAQ SunLab | Installation et informations sur le produit | SunLab Pool","isPartOf":{"@id":"https:\/\/sunlabpool.com\/#website"},"datePublished":"2025-09-09T12:16:26+00:00","dateModified":"2026-04-01T15:03:43+00:00","description":"Trouvez des r\u00e9ponses concernant l'installation, la durabilit\u00e9 et l'entretien des piscines SunLab. Des conseils clairs pour choisir le bon mod\u00e8le.","breadcrumb":{"@id":"https:\/\/sunlabpool.com\/fr\/faq\/#breadcrumb"},"inLanguage":"fr-FR","potentialAction":[{"@type":"ReadAction","target":["https:\/\/sunlabpool.com\/fr\/faq\/"]}]},{"@type":"BreadcrumbList","@id":"https:\/\/sunlabpool.com\/fr\/faq\/#breadcrumb","itemListElement":[{"@type":"ListItem","position":1,"name":"Home","item":"https:\/\/sunlabpool.com\/fr\/"},{"@type":"ListItem","position":2,"name":"FAQ"}]},{"@type":"WebSite","@id":"https:\/\/sunlabpool.com\/#website","url":"https:\/\/sunlabpool.com\/","name":"Sunlab Pool","description":"","potentialAction":[{"@type":"SearchAction","target":{"@type":"EntryPoint","urlTemplate":"https:\/\/sunlabpool.com\/?s={search_term_string}"},"query-input":{"@type":"PropertyValueSpecification","valueRequired":true,"valueName":"search_term_string"}}],"inLanguage":"fr-FR"}]}},"_links":{"self":[{"href":"https:\/\/sunlabpool.com\/fr\/wp-json\/wp\/v2\/pages\/1704","targetHints":{"allow":["GET"]}}],"collection":[{"href":"https:\/\/sunlabpool.com\/fr\/wp-json\/wp\/v2\/pages"}],"about":[{"href":"https:\/\/sunlabpool.com\/fr\/wp-json\/wp\/v2\/types\/page"}],"author":[{"embeddable":true,"href":"https:\/\/sunlabpool.com\/fr\/wp-json\/wp\/v2\/users\/3"}],"replies":[{"embeddable":true,"href":"https:\/\/sunlabpool.com\/fr\/wp-json\/wp\/v2\/comments?post=1704"}],"version-history":[{"count":26,"href":"https:\/\/sunlabpool.com\/fr\/wp-json\/wp\/v2\/pages\/1704\/revisions"}],"predecessor-version":[{"id":4383,"href":"https:\/\/sunlabpool.com\/fr\/wp-json\/wp\/v2\/pages\/1704\/revisions\/4383"}],"wp:attachment":[{"href":"https:\/\/sunlabpool.com\/fr\/wp-json\/wp\/v2\/media?parent=1704"}],"curies":[{"name":"wp","href":"https:\/\/api.w.org\/{rel}","templated":true}]}}