{"id":3214,"date":"2025-10-20T15:51:44","date_gmt":"2025-10-20T15:51:44","guid":{"rendered":"https:\/\/sunlabpool.com\/manuel\/"},"modified":"2026-04-02T14:35:54","modified_gmt":"2026-04-02T14:35:54","slug":"manuel","status":"publish","type":"page","link":"https:\/\/sunlabpool.com\/fr\/manuel\/","title":{"rendered":"Manuel"},"content":{"rendered":"<p>[et_pb_section fb_built=&#8221;1&#8243; module_class=&#8221;center_it&#8221; _builder_version=&#8221;4.27.4&#8243; _module_preset=&#8221;default&#8221; use_background_color_gradient=&#8221;on&#8221; background_color_gradient_type=&#8221;elliptical&#8221; background_color_gradient_stops=&#8221;#000000 0%|#05323a 100%&#8221; background_color_gradient_overlays_image=&#8221;on&#8221; background_enable_image=&#8221;off&#8221; min_height=&#8221;450px&#8221; global_colors_info=&#8221;{}&#8221;][et_pb_row _builder_version=&#8221;4.27.4&#8243; _module_preset=&#8221;default&#8221; custom_margin=&#8221;||||false|false&#8221; custom_padding=&#8221;||0px||false|false&#8221; global_colors_info=&#8221;{}&#8221;][et_pb_column type=&#8221;4_4&#8243; _builder_version=&#8221;4.27.4&#8243; _module_preset=&#8221;default&#8221; global_colors_info=&#8221;{}&#8221;][et_pb_text _builder_version=&#8221;4.27.4&#8243; _module_preset=&#8221;default&#8221; text_font=&#8221;All Round Gothic &#8211; Book|600|||||||&#8221; text_text_color=&#8221;#D5A869&#8243; text_font_size=&#8221;19px&#8221; text_letter_spacing=&#8221;1px&#8221; header_font=&#8221;Good times||||||||&#8221; header_text_color=&#8221;#FFFFFF&#8221; text_orientation=&#8221;center&#8221; custom_margin=&#8221;||15px||false|false&#8221; custom_padding=&#8221;40px||||false|false&#8221; custom_css_free_form=&#8221;selector h1{|| margin-top: 10px;||}&#8221; global_colors_info=&#8221;{}&#8221;]<\/p>\n<h1>MANUEL D&#8217;UTILISATION DU PRODUIT<\/h1>\n<p>[\/et_pb_text][\/et_pb_column][\/et_pb_row][\/et_pb_section][et_pb_section fb_built=&#8221;1&#8243; _builder_version=&#8221;4.27.4&#8243; _module_preset=&#8221;default&#8221; background_color=&#8221;rgba(252,248,240,0.45)&#8221; custom_padding=&#8221;||||false|false&#8221; locked=&#8221;off&#8221; global_colors_info=&#8221;{}&#8221;][et_pb_row column_structure=&#8221;1_3,2_3&#8243; module_class=&#8221;center_it&#8221; _builder_version=&#8221;4.27.4&#8243; _module_preset=&#8221;default&#8221; global_colors_info=&#8221;{}&#8221;][et_pb_column type=&#8221;1_3&#8243; _builder_version=&#8221;4.27.4&#8243; _module_preset=&#8221;default&#8221; global_colors_info=&#8221;{}&#8221;][et_pb_text _builder_version=&#8221;4.27.4&#8243; _module_preset=&#8221;default&#8221; width_tablet=&#8221;85%&#8221; width_phone=&#8221;85%&#8221; width_last_edited=&#8221;on|tablet&#8221; max_width_last_edited=&#8221;off|tablet&#8221; custom_padding_tablet=&#8221;|0px||0px|false|true&#8221; custom_padding_phone=&#8221;|0px||0px|false|true&#8221; custom_padding_last_edited=&#8221;off|desktop&#8221; module_alignment_tablet=&#8221;center&#8221; module_alignment_phone=&#8221;center&#8221; module_alignment_last_edited=&#8221;on|tablet&#8221; global_colors_info=&#8221;{}&#8221;]<\/p>\n<h2>PISCINE RONDE<\/h2>\n<p>[\/et_pb_text][\/et_pb_column][et_pb_column type=&#8221;2_3&#8243; _builder_version=&#8221;4.27.4&#8243; _module_preset=&#8221;default&#8221; global_colors_info=&#8221;{}&#8221;][et_pb_divider divider_position=&#8221;center&#8221; divider_weight=&#8221;2px&#8221; _builder_version=&#8221;4.27.4&#8243; _module_preset=&#8221;default&#8221; global_colors_info=&#8221;{}&#8221;][\/et_pb_divider][\/et_pb_column][\/et_pb_row][et_pb_row column_structure=&#8221;1_3,1_3,1_3&#8243; use_custom_gutter=&#8221;on&#8221; make_equal=&#8221;on&#8221; _builder_version=&#8221;4.27.4&#8243; _module_preset=&#8221;default&#8221; custom_padding=&#8221;0px||||false|false&#8221; locked=&#8221;off&#8221; global_colors_info=&#8221;{}&#8221;][et_pb_column type=&#8221;1_3&#8243; _builder_version=&#8221;4.27.4&#8243; _dynamic_attributes=&#8221;link_option_url&#8221; _module_preset=&#8221;default&#8221; background_color=&#8221;#05323A&#8221; custom_padding=&#8221;30px|30px|30px|30px|true|true&#8221; link_option_url=&#8221;@ET-DC@eyJkeW5hbWljIjp0cnVlLCJjb250ZW50IjoicG9zdF9saW5rX3VybF9hdHRhY2htZW50Iiwic2V0dGluZ3MiOnsicG9zdF9pZCI6IjE0OTgiLCJlbmFibGVfaHRtbCI6Im9mZiJ9fQ==@&#8221; border_radii=&#8221;on|10px|10px|10px|10px&#8221; global_colors_info=&#8221;{}&#8221;][et_pb_text _builder_version=&#8221;4.27.4&#8243; _module_preset=&#8221;default&#8221; text_font=&#8221;Good times|600|||||||&#8221; text_text_color=&#8221;#D5A869&#8243; background_enable_color=&#8221;off&#8221; text_orientation=&#8221;center&#8221; global_colors_info=&#8221;{}&#8221;]M22900030 SUNLAB S3 S5 MANUEL PISCINE RONDE<br \/>\n[\/et_pb_text][et_pb_image src=&#8221;https:\/\/sunlabpool.com\/wp-content\/uploads\/2025\/10\/Round-Manual-Cover.png&#8221; title_text=&#8221;Manuel rond &#8211; Couverture&#8221; url=&#8221;https:\/\/sunlabpool.com\/wp-content\/uploads\/2026\/04\/sunlab_manuel_ronde_piscine_hors_terre_francais.pdf&#8221; url_new_window=&#8221;on&#8221; align=&#8221;center&#8221; _builder_version=&#8221;4.27.5&#8243; _module_preset=&#8221;default&#8221; max_width=&#8221;160px&#8221; global_colors_info=&#8221;{}&#8221;][\/et_pb_image][\/et_pb_column][et_pb_column type=&#8221;1_3&#8243; _builder_version=&#8221;4.27.4&#8243; _module_preset=&#8221;default&#8221; global_colors_info=&#8221;{}&#8221;][\/et_pb_column][et_pb_column type=&#8221;1_3&#8243; _builder_version=&#8221;4.27.4&#8243; _module_preset=&#8221;default&#8221; global_colors_info=&#8221;{}&#8221;][\/et_pb_column][\/et_pb_row][et_pb_row column_structure=&#8221;1_3,2_3&#8243; module_class=&#8221;center_it&#8221; _builder_version=&#8221;4.27.4&#8243; _module_preset=&#8221;default&#8221; global_colors_info=&#8221;{}&#8221;][et_pb_column type=&#8221;1_3&#8243; _builder_version=&#8221;4.27.4&#8243; _module_preset=&#8221;default&#8221; global_colors_info=&#8221;{}&#8221;][et_pb_text _builder_version=&#8221;4.27.4&#8243; _module_preset=&#8221;default&#8221; width_tablet=&#8221;85%&#8221; width_phone=&#8221;85%&#8221; width_last_edited=&#8221;on|tablet&#8221; max_width_last_edited=&#8221;off|tablet&#8221; custom_padding_tablet=&#8221;|0px||0px|false|true&#8221; custom_padding_phone=&#8221;|0px||0px|false|true&#8221; custom_padding_last_edited=&#8221;off|desktop&#8221; module_alignment_tablet=&#8221;center&#8221; module_alignment_phone=&#8221;center&#8221; module_alignment_last_edited=&#8221;on|tablet&#8221; global_colors_info=&#8221;{}&#8221;]<\/p>\n<h2>PISCINE OVALE<\/h2>\n<p>[\/et_pb_text][\/et_pb_column][et_pb_column type=&#8221;2_3&#8243; _builder_version=&#8221;4.27.4&#8243; _module_preset=&#8221;default&#8221; global_colors_info=&#8221;{}&#8221;][et_pb_divider divider_position=&#8221;center&#8221; divider_weight=&#8221;2px&#8221; _builder_version=&#8221;4.27.4&#8243; _module_preset=&#8221;default&#8221; global_colors_info=&#8221;{}&#8221;][\/et_pb_divider][\/et_pb_column][\/et_pb_row][et_pb_row column_structure=&#8221;1_3,1_3,1_3&#8243; use_custom_gutter=&#8221;on&#8221; make_equal=&#8221;on&#8221; _builder_version=&#8221;4.27.4&#8243; _module_preset=&#8221;default&#8221; custom_padding=&#8221;0px||||false|false&#8221; locked=&#8221;off&#8221; global_colors_info=&#8221;{}&#8221;][et_pb_column type=&#8221;1_3&#8243; _builder_version=&#8221;4.27.4&#8243; _dynamic_attributes=&#8221;link_option_url&#8221; _module_preset=&#8221;default&#8221; background_color=&#8221;#05323A&#8221; custom_padding=&#8221;30px|30px|30px|30px|true|true&#8221; link_option_url=&#8221;@ET-DC@eyJkeW5hbWljIjp0cnVlLCJjb250ZW50IjoicG9zdF9saW5rX3VybF9hdHRhY2htZW50Iiwic2V0dGluZ3MiOnsicG9zdF9pZCI6IjE1MjgiLCJlbmFibGVfaHRtbCI6Im9mZiJ9fQ==@&#8221; border_radii=&#8221;on|10px|10px|10px|10px&#8221; global_colors_info=&#8221;{}&#8221;][et_pb_text _builder_version=&#8221;4.27.4&#8243; _module_preset=&#8221;default&#8221; text_font=&#8221;Good times|600|||||||&#8221; text_text_color=&#8221;#D5A869&#8243; background_enable_color=&#8221;off&#8221; text_orientation=&#8221;center&#8221; global_colors_info=&#8221;{}&#8221;]M22900040 MANUEL D&#8217;UTILISATION DE LA PISCINE OVALE SUNLAB S5<br \/>\n[\/et_pb_text][et_pb_image src=&#8221;https:\/\/sunlabpool.com\/wp-content\/uploads\/2025\/10\/Oval-Manual-Cover.png&#8221; title_text=&#8221;Manuel ovale &#8211; Couverture&#8221; url=&#8221;https:\/\/sunlabpool.com\/wp-content\/uploads\/2026\/03\/sunlab_manuel_ovale_piscine_hors_terre_francais.pdf&#8221; url_new_window=&#8221;on&#8221; align=&#8221;center&#8221; _builder_version=&#8221;4.27.5&#8243; _module_preset=&#8221;default&#8221; max_width=&#8221;160px&#8221; global_colors_info=&#8221;{}&#8221;][\/et_pb_image][\/et_pb_column][et_pb_column type=&#8221;1_3&#8243; _builder_version=&#8221;4.27.4&#8243; _module_preset=&#8221;default&#8221; global_colors_info=&#8221;{}&#8221;][\/et_pb_column][et_pb_column type=&#8221;1_3&#8243; _builder_version=&#8221;4.27.4&#8243; _module_preset=&#8221;default&#8221; global_colors_info=&#8221;{}&#8221;][\/et_pb_column][\/et_pb_row][\/et_pb_section]<\/p>\n","protected":false},"excerpt":{"rendered":"<p>MANUEL D&#8217;UTILISATION DU PRODUIT PISCINE RONDE M22900030 SUNLAB S3 S5 MANUEL PISCINE RONDE PISCINE OVALE M22900040 MANUEL D&#8217;UTILISATION DE LA PISCINE OVALE SUNLAB S5<\/p>\n","protected":false},"author":3,"featured_media":0,"parent":0,"menu_order":0,"comment_status":"closed","ping_status":"closed","template":"","meta":{"_acf_changed":false,"_et_pb_use_builder":"on","_et_pb_old_content":"","_et_gb_content_width":"","footnotes":""},"class_list":["post-3214","page","type-page","status-publish","hentry"],"acf":[],"yoast_head":"<!-- This site is optimized with the Yoast SEO plugin v27.3 - https:\/\/yoast.com\/product\/yoast-seo-wordpress\/ -->\n<title>Manuel SunLab | Installation et entretien | SunLab Pool<\/title>\n<meta name=\"description\" content=\"T\u00e9l\u00e9chargez le manuel SunLab comprenant les \u00e9tapes d\u2019installation, les consignes de s\u00e9curit\u00e9 et des conseils d\u2019entretien pour une performance durable.\" \/>\n<meta name=\"robots\" content=\"index, follow, max-snippet:-1, max-image-preview:large, max-video-preview:-1\" \/>\n<link rel=\"canonical\" href=\"https:\/\/sunlabpool.com\/fr\/manuel\/\" \/>\n<meta property=\"og:locale\" content=\"fr_FR\" \/>\n<meta property=\"og:type\" content=\"article\" \/>\n<meta property=\"og:title\" content=\"Manuel SunLab | Installation et entretien | SunLab Pool\" \/>\n<meta property=\"og:description\" content=\"T\u00e9l\u00e9chargez le manuel SunLab comprenant les \u00e9tapes d\u2019installation, les consignes de s\u00e9curit\u00e9 et des conseils d\u2019entretien pour une performance durable.\" \/>\n<meta property=\"og:url\" content=\"https:\/\/sunlabpool.com\/fr\/manuel\/\" \/>\n<meta property=\"og:site_name\" content=\"Sunlab Pool\" \/>\n<meta property=\"article:modified_time\" content=\"2026-04-02T14:35:54+00:00\" \/>\n<meta name=\"twitter:card\" content=\"summary_large_image\" \/>\n<meta name=\"twitter:label1\" content=\"Dur\u00e9e de lecture estim\u00e9e\" \/>\n\t<meta name=\"twitter:data1\" content=\"1 minute\" \/>\n<script type=\"application\/ld+json\" class=\"yoast-schema-graph\">{\"@context\":\"https:\\\/\\\/schema.org\",\"@graph\":[{\"@type\":\"WebPage\",\"@id\":\"https:\\\/\\\/sunlabpool.com\\\/fr\\\/manuel\\\/\",\"url\":\"https:\\\/\\\/sunlabpool.com\\\/fr\\\/manuel\\\/\",\"name\":\"Manuel SunLab | Installation et entretien | SunLab Pool\",\"isPartOf\":{\"@id\":\"https:\\\/\\\/sunlabpool.com\\\/#website\"},\"datePublished\":\"2025-10-20T15:51:44+00:00\",\"dateModified\":\"2026-04-02T14:35:54+00:00\",\"description\":\"T\u00e9l\u00e9chargez le manuel SunLab comprenant les \u00e9tapes d\u2019installation, les consignes de s\u00e9curit\u00e9 et des conseils d\u2019entretien pour une performance durable.\",\"breadcrumb\":{\"@id\":\"https:\\\/\\\/sunlabpool.com\\\/fr\\\/manuel\\\/#breadcrumb\"},\"inLanguage\":\"fr-FR\",\"potentialAction\":[{\"@type\":\"ReadAction\",\"target\":[\"https:\\\/\\\/sunlabpool.com\\\/fr\\\/manuel\\\/\"]}]},{\"@type\":\"BreadcrumbList\",\"@id\":\"https:\\\/\\\/sunlabpool.com\\\/fr\\\/manuel\\\/#breadcrumb\",\"itemListElement\":[{\"@type\":\"ListItem\",\"position\":1,\"name\":\"Home\",\"item\":\"https:\\\/\\\/sunlabpool.com\\\/fr\\\/\"},{\"@type\":\"ListItem\",\"position\":2,\"name\":\"Manuel\"}]},{\"@type\":\"WebSite\",\"@id\":\"https:\\\/\\\/sunlabpool.com\\\/#website\",\"url\":\"https:\\\/\\\/sunlabpool.com\\\/\",\"name\":\"Sunlab Pool\",\"description\":\"\",\"potentialAction\":[{\"@type\":\"SearchAction\",\"target\":{\"@type\":\"EntryPoint\",\"urlTemplate\":\"https:\\\/\\\/sunlabpool.com\\\/?s={search_term_string}\"},\"query-input\":{\"@type\":\"PropertyValueSpecification\",\"valueRequired\":true,\"valueName\":\"search_term_string\"}}],\"inLanguage\":\"fr-FR\"}]}<\/script>\n<!-- \/ Yoast SEO plugin. -->","yoast_head_json":{"title":"Manuel SunLab | Installation et entretien | SunLab Pool","description":"T\u00e9l\u00e9chargez le manuel SunLab comprenant les \u00e9tapes d\u2019installation, les consignes de s\u00e9curit\u00e9 et des conseils d\u2019entretien pour une performance durable.","robots":{"index":"index","follow":"follow","max-snippet":"max-snippet:-1","max-image-preview":"max-image-preview:large","max-video-preview":"max-video-preview:-1"},"canonical":"https:\/\/sunlabpool.com\/fr\/manuel\/","og_locale":"fr_FR","og_type":"article","og_title":"Manuel SunLab | Installation et entretien | SunLab Pool","og_description":"T\u00e9l\u00e9chargez le manuel SunLab comprenant les \u00e9tapes d\u2019installation, les consignes de s\u00e9curit\u00e9 et des conseils d\u2019entretien pour une performance durable.","og_url":"https:\/\/sunlabpool.com\/fr\/manuel\/","og_site_name":"Sunlab Pool","article_modified_time":"2026-04-02T14:35:54+00:00","twitter_card":"summary_large_image","twitter_misc":{"Dur\u00e9e de lecture estim\u00e9e":"1 minute"},"schema":{"@context":"https:\/\/schema.org","@graph":[{"@type":"WebPage","@id":"https:\/\/sunlabpool.com\/fr\/manuel\/","url":"https:\/\/sunlabpool.com\/fr\/manuel\/","name":"Manuel SunLab | Installation et entretien | SunLab Pool","isPartOf":{"@id":"https:\/\/sunlabpool.com\/#website"},"datePublished":"2025-10-20T15:51:44+00:00","dateModified":"2026-04-02T14:35:54+00:00","description":"T\u00e9l\u00e9chargez le manuel SunLab comprenant les \u00e9tapes d\u2019installation, les consignes de s\u00e9curit\u00e9 et des conseils d\u2019entretien pour une performance durable.","breadcrumb":{"@id":"https:\/\/sunlabpool.com\/fr\/manuel\/#breadcrumb"},"inLanguage":"fr-FR","potentialAction":[{"@type":"ReadAction","target":["https:\/\/sunlabpool.com\/fr\/manuel\/"]}]},{"@type":"BreadcrumbList","@id":"https:\/\/sunlabpool.com\/fr\/manuel\/#breadcrumb","itemListElement":[{"@type":"ListItem","position":1,"name":"Home","item":"https:\/\/sunlabpool.com\/fr\/"},{"@type":"ListItem","position":2,"name":"Manuel"}]},{"@type":"WebSite","@id":"https:\/\/sunlabpool.com\/#website","url":"https:\/\/sunlabpool.com\/","name":"Sunlab Pool","description":"","potentialAction":[{"@type":"SearchAction","target":{"@type":"EntryPoint","urlTemplate":"https:\/\/sunlabpool.com\/?s={search_term_string}"},"query-input":{"@type":"PropertyValueSpecification","valueRequired":true,"valueName":"search_term_string"}}],"inLanguage":"fr-FR"}]}},"_links":{"self":[{"href":"https:\/\/sunlabpool.com\/fr\/wp-json\/wp\/v2\/pages\/3214","targetHints":{"allow":["GET"]}}],"collection":[{"href":"https:\/\/sunlabpool.com\/fr\/wp-json\/wp\/v2\/pages"}],"about":[{"href":"https:\/\/sunlabpool.com\/fr\/wp-json\/wp\/v2\/types\/page"}],"author":[{"embeddable":true,"href":"https:\/\/sunlabpool.com\/fr\/wp-json\/wp\/v2\/users\/3"}],"replies":[{"embeddable":true,"href":"https:\/\/sunlabpool.com\/fr\/wp-json\/wp\/v2\/comments?post=3214"}],"version-history":[{"count":54,"href":"https:\/\/sunlabpool.com\/fr\/wp-json\/wp\/v2\/pages\/3214\/revisions"}],"predecessor-version":[{"id":4421,"href":"https:\/\/sunlabpool.com\/fr\/wp-json\/wp\/v2\/pages\/3214\/revisions\/4421"}],"wp:attachment":[{"href":"https:\/\/sunlabpool.com\/fr\/wp-json\/wp\/v2\/media?parent=3214"}],"curies":[{"name":"wp","href":"https:\/\/api.w.org\/{rel}","templated":true}]}}