{"id":3922,"date":"2026-01-07T16:25:13","date_gmt":"2026-01-07T16:25:13","guid":{"rendered":"https:\/\/sunlabpool.com\/politique-sur-les-fichiers-temoins\/"},"modified":"2026-01-07T17:44:37","modified_gmt":"2026-01-07T17:44:37","slug":"politique-sur-les-fichiers-temoins","status":"publish","type":"page","link":"https:\/\/sunlabpool.com\/fr\/politique-sur-les-fichiers-temoins\/","title":{"rendered":"Politique sur les fichiers t\u00e9moins"},"content":{"rendered":"<p>[et_pb_section fb_built=&#8221;1&#8243; _builder_version=&#8221;4.27.4&#8243; _module_preset=&#8221;1eb24ec6-88e3-4466-b187-330450fc1e59&#8243; min_height_tablet=&#8221;&#8221; min_height_phone=&#8221;&#8221; min_height_last_edited=&#8221;on|desktop&#8221; global_colors_info=&#8221;{}&#8221;][et_pb_row _builder_version=&#8221;4.27.4&#8243; _module_preset=&#8221;default&#8221; custom_margin=&#8221;||||false|false&#8221; custom_padding=&#8221;||||false|false&#8221; global_colors_info=&#8221;{}&#8221;][et_pb_column type=&#8221;4_4&#8243; _builder_version=&#8221;4.27.4&#8243; _module_preset=&#8221;default&#8221; global_colors_info=&#8221;{}&#8221;][et_pb_text _builder_version=&#8221;4.27.4&#8243; _module_preset=&#8221;default&#8221; text_font=&#8221;All Round Gothic &#8211; Book|600|||||||&#8221; text_text_color=&#8221;#D5A869&#8243; text_letter_spacing=&#8221;1px&#8221; header_font=&#8221;Good times||||||||&#8221; header_text_color=&#8221;#FFFFFF&#8221; text_orientation=&#8221;center&#8221; module_alignment=&#8221;center&#8221; custom_padding=&#8221;40px||||false|false&#8221; custom_css_free_form=&#8221;selector h1{||  margin-top: 10px;||}&#8221; global_colors_info=&#8221;{}&#8221;]<\/p>\n<h1>Politique sur les fichiers t\u00e9moins<\/h1>\n<p>Derni\u00e8re mise \u00e0 jour: 7 Janvier 2026[\/et_pb_text][\/et_pb_column][\/et_pb_row][\/et_pb_section][et_pb_section fb_built=&#8221;1&#8243; _builder_version=&#8221;4.27.4&#8243; _module_preset=&#8221;default&#8221; background_color=&#8221;#fcfaf6&#8243; global_colors_info=&#8221;{}&#8221;][et_pb_row _builder_version=&#8221;4.27.4&#8243; _module_preset=&#8221;default&#8221; global_colors_info=&#8221;{}&#8221;][et_pb_column type=&#8221;4_4&#8243; _builder_version=&#8221;4.27.4&#8243; _module_preset=&#8221;default&#8221; global_colors_info=&#8221;{}&#8221;][et_pb_text _builder_version=&#8221;4.27.4&#8243; _module_preset=&#8221;default&#8221; header_2_font=&#8221;|700|||||||&#8221; header_2_text_color=&#8221;#D5A869&#8243; header_3_font=&#8221;|700|||||||&#8221; header_4_font=&#8221;|700|||||||&#8221; custom_margin=&#8221;||10px||false|false&#8221; hover_enabled=&#8221;0&#8243; global_colors_info=&#8221;{}&#8221; sticky_enabled=&#8221;0&#8243; link_text_color=&#8221;#C8705A&#8221;]<\/p>\n<p>Chez Sunlab (Le Groupe Vif Inc.), nous souhaitons \u00eatre transparents quant \u00e0 la mani\u00e8re dont nous utilisons des t\u00e9moins (cookies) sur notre site web sunlabpool.com.<\/p>\n<p>Nous utilisons une vari\u00e9t\u00e9 de t\u00e9moins. Certains sont essentiels au bon fonctionnement de notre site web ; d\u2019autres peuvent \u00eatre refus\u00e9s ou bloqu\u00e9s selon vos pr\u00e9f\u00e9rences.<br \/>Si vous avez des questions concernant la mani\u00e8re dont nous utilisons les t\u00e9moins, veuillez nous \u00e9crire \u00e0 informatique@vifplastics.com. <\/p>\n<h2>Qu\u2019est-ce qu\u2019un fichier t\u00e9moin?<\/h2>\n<p>Un fichier t\u00e9moin est un fichier contenant une petite quantit\u00e9 de donn\u00e9es sur un utilisateur donn\u00e9. Ces donn\u00e9es peuvent inclure un identifiant unique anonyme. Les t\u00e9moins sont stock\u00e9s sur l\u2019ordinateur de l\u2019utilisateur ou sur le disque dur d\u2019un autre appareil. Ils nous permettent, entre autres, d\u2019adapter votre exp\u00e9rience d\u2019utilisation chaque fois que vous visitez notre site et de nous rappeler vos pr\u00e9f\u00e9rences de navigation.   <\/p>\n<p>Certains t\u00e9moins peuvent contenir des informations personnelles, mais ce n\u2019est pas le cas pour tous les types de t\u00e9moins. Le traitement de vos renseignements personnels est r\u00e9gi par notre politique de confidentialit\u00e9, que vous pouvez consulter ici : <a href=\"https:\/\/sunlabpool.com\/fr\/politique-de-confidentialite\/\">https:\/\/sunlabpool.com\/fr\/politique-de-confidentialite\/<\/a> <\/p>\n<h3>Les types de t\u00e9moins que nous utilisons :<\/h3>\n<p>Les t\u00e9moins que nous utilisons remplissent les quatre fonctions suivantes:<\/p>\n<ul>\n<li aria-level=\"1\"><b>T\u00e9moins d\u2019analyse<\/b> : ces t\u00e9moins nous servent \u00e0 analyser l\u2019utilisation de notre site par nos utilisateurs.<\/li>\n<li aria-level=\"1\"><b>T\u00e9moins de fonctionnalit\u00e9<\/b> : ces t\u00e9moins nous permettent de m\u00e9moriser vos pr\u00e9f\u00e9rences chaque fois que vous utilisez notre site.<\/li>\n<li aria-level=\"1\">T\u00e9moins essentiels : ces t\u00e9moins sont essentiels au fonctionnement de notre site; la d\u00e9sactivation de ces t\u00e9moins vous emp\u00eachera d\u2019acc\u00e9der \u00e0 notre site ou d\u2019utiliser toutes ses fonctionnalit\u00e9s.\n<\/li>\n<li aria-level=\"1\">T\u00e9moins de publicit\u00e9 : ces t\u00e9moins nous servent \u00e0 fournir au navigateur des publicit\u00e9s et campagnes de marketing pertinentes et personnalis\u00e9es.<\/li>\n<\/ul>\n<h4>Liste des t\u00e9moins d\u2019analyse<\/h4>\n<table>\n<tbody>\n<tr>\n<td><b>NOM<\/b><\/td>\n<td><b>DUR\u00c9E<\/b><\/td>\n<td><b>FOURNISSEUR<\/b><\/td>\n<td><b>BUT<\/b><\/td>\n<\/tr>\n<tr>\n<td>_ga<\/td>\n<td>2 ans<\/td>\n<td>Google Analytics<\/td>\n<td>Distinguer les visiteurs (enregistrement d\u2019un identifiant unique)<\/td>\n<\/tr>\n<tr>\n<td>_ga_#<\/td>\n<td>2 ans<\/td>\n<td>Google Analytics<\/td>\n<td>Fr\u00e9quence de visite d\u2019un utilisateur et dates de la premi\u00e8re visite et de la plus r\u00e9cente<\/td>\n<\/tr>\n<tr>\n<td>[ ]<\/td>\n<td>[ ]<\/td>\n<td>[ ]<\/td>\n<td>[ ]<\/td>\n<\/tr>\n<\/tbody>\n<\/table>\n<p>&nbsp;<\/p>\n<h3>Politiques de confidentialit\u00e9 et informations sur nos fournisseurs de t\u00e9moins<\/h3>\n<p>Pour en savoir plus sur les t\u00e9moins des fournisseurs mentionn\u00e9s ci-haut, nous vous invitons \u00e0 visiter les liens suivants :<\/p>\n<ul>\n<li aria-level=\"1\"><b>Google Analytics<\/b> : https:\/\/policies.google.com\/privacy?hl=fr&amp;gl=fr<\/li>\n<\/ul>\n<h2>Vos pr\u00e9f\u00e9rences<\/h2>\n<p>Notez que vous pouvez demander \u00e0 votre navigateur de d\u00e9sactiver ou restreindre les t\u00e9moins que nous utilisons. Cela pourrait toutefois vous emp\u00eacher d\u2019acc\u00e9der \u00e0 notre site Web correctement. Vous pouvez \u00e9galement activer ou d\u00e9sactiver les t\u00e9moins non essentiels \u00e0 l&#8217;aide de la barre de gestion des fichiers t\u00e9moins sur notre site.  <\/p>\n<p>Pour plus d\u2019informations sur les t\u00e9moins, nous vous invitons \u00e0 visiter le site Web suivant: <a href=\"https:\/\/www.allaboutcookies.org\">https:\/\/www.allaboutcookies.org.<\/a><\/p>\n<h2>Nous contacter<\/h2>\n<p>Pour toute question, demande ou remarque concernant la pr\u00e9sente politique, ou encore sur la mani\u00e8re dont nous traitons vos informations personnelles, vous pouvez nous contacter via la section \u00ab contact \u00bb de notre site web, ou aux coordonn\u00e9es suivantes:<\/p>\n<p><b>Sunlab (Le Groupe Vif Inc.)<\/b><br \/>Responsable de la protection des renseignements personnels<\/p>\n<p>[\/et_pb_text][\/et_pb_column][\/et_pb_row][\/et_pb_section]<\/p>\n","protected":false},"excerpt":{"rendered":"<p>Politique sur les fichiers t\u00e9moins Derni\u00e8re mise \u00e0 jour: 7 Janvier 2026Chez Sunlab (Le Groupe Vif Inc.), nous souhaitons \u00eatre transparents quant \u00e0 la mani\u00e8re dont nous utilisons des t\u00e9moins (cookies) sur notre site web sunlabpool.com. Nous utilisons une vari\u00e9t\u00e9 de t\u00e9moins. Certains sont essentiels au bon fonctionnement de notre site web ; d\u2019autres peuvent [&hellip;]<\/p>\n","protected":false},"author":3,"featured_media":0,"parent":0,"menu_order":0,"comment_status":"closed","ping_status":"closed","template":"","meta":{"_acf_changed":false,"_et_pb_use_builder":"on","_et_pb_old_content":"","_et_gb_content_width":"","footnotes":""},"class_list":["post-3922","page","type-page","status-publish","hentry"],"acf":[],"yoast_head":"<!-- This site is optimized with the Yoast SEO plugin v27.3 - https:\/\/yoast.com\/product\/yoast-seo-wordpress\/ -->\n<title>Politique sur les fichiers t\u00e9moins - Sunlab Pool<\/title>\n<meta name=\"robots\" content=\"index, follow, max-snippet:-1, max-image-preview:large, max-video-preview:-1\" \/>\n<link rel=\"canonical\" href=\"https:\/\/sunlabpool.com\/fr\/politique-sur-les-fichiers-temoins\/\" \/>\n<meta property=\"og:locale\" content=\"fr_FR\" \/>\n<meta property=\"og:type\" content=\"article\" \/>\n<meta property=\"og:title\" content=\"Politique sur les fichiers t\u00e9moins - Sunlab Pool\" \/>\n<meta property=\"og:description\" content=\"Politique sur les fichiers t\u00e9moins Derni\u00e8re mise \u00e0 jour: 7 Janvier 2026Chez Sunlab (Le Groupe Vif Inc.), nous souhaitons \u00eatre transparents quant \u00e0 la mani\u00e8re dont nous utilisons des t\u00e9moins (cookies) sur notre site web sunlabpool.com. Nous utilisons une vari\u00e9t\u00e9 de t\u00e9moins. Certains sont essentiels au bon fonctionnement de notre site web ; d\u2019autres peuvent [&hellip;]\" \/>\n<meta property=\"og:url\" content=\"https:\/\/sunlabpool.com\/fr\/politique-sur-les-fichiers-temoins\/\" \/>\n<meta property=\"og:site_name\" content=\"Sunlab Pool\" \/>\n<meta property=\"article:modified_time\" content=\"2026-01-07T17:44:37+00:00\" \/>\n<meta name=\"twitter:card\" content=\"summary_large_image\" \/>\n<meta name=\"twitter:label1\" content=\"Dur\u00e9e de lecture estim\u00e9e\" \/>\n\t<meta name=\"twitter:data1\" content=\"4 minutes\" \/>\n<script type=\"application\/ld+json\" class=\"yoast-schema-graph\">{\"@context\":\"https:\\\/\\\/schema.org\",\"@graph\":[{\"@type\":\"WebPage\",\"@id\":\"https:\\\/\\\/sunlabpool.com\\\/fr\\\/politique-sur-les-fichiers-temoins\\\/\",\"url\":\"https:\\\/\\\/sunlabpool.com\\\/fr\\\/politique-sur-les-fichiers-temoins\\\/\",\"name\":\"Politique sur les fichiers t\u00e9moins - Sunlab Pool\",\"isPartOf\":{\"@id\":\"https:\\\/\\\/sunlabpool.com\\\/#website\"},\"datePublished\":\"2026-01-07T16:25:13+00:00\",\"dateModified\":\"2026-01-07T17:44:37+00:00\",\"breadcrumb\":{\"@id\":\"https:\\\/\\\/sunlabpool.com\\\/fr\\\/politique-sur-les-fichiers-temoins\\\/#breadcrumb\"},\"inLanguage\":\"fr-FR\",\"potentialAction\":[{\"@type\":\"ReadAction\",\"target\":[\"https:\\\/\\\/sunlabpool.com\\\/fr\\\/politique-sur-les-fichiers-temoins\\\/\"]}]},{\"@type\":\"BreadcrumbList\",\"@id\":\"https:\\\/\\\/sunlabpool.com\\\/fr\\\/politique-sur-les-fichiers-temoins\\\/#breadcrumb\",\"itemListElement\":[{\"@type\":\"ListItem\",\"position\":1,\"name\":\"Home\",\"item\":\"https:\\\/\\\/sunlabpool.com\\\/fr\\\/\"},{\"@type\":\"ListItem\",\"position\":2,\"name\":\"Politique sur les fichiers t\u00e9moins\"}]},{\"@type\":\"WebSite\",\"@id\":\"https:\\\/\\\/sunlabpool.com\\\/#website\",\"url\":\"https:\\\/\\\/sunlabpool.com\\\/\",\"name\":\"Sunlab Pool\",\"description\":\"\",\"potentialAction\":[{\"@type\":\"SearchAction\",\"target\":{\"@type\":\"EntryPoint\",\"urlTemplate\":\"https:\\\/\\\/sunlabpool.com\\\/?s={search_term_string}\"},\"query-input\":{\"@type\":\"PropertyValueSpecification\",\"valueRequired\":true,\"valueName\":\"search_term_string\"}}],\"inLanguage\":\"fr-FR\"}]}<\/script>\n<!-- \/ Yoast SEO plugin. -->","yoast_head_json":{"title":"Politique sur les fichiers t\u00e9moins - Sunlab Pool","robots":{"index":"index","follow":"follow","max-snippet":"max-snippet:-1","max-image-preview":"max-image-preview:large","max-video-preview":"max-video-preview:-1"},"canonical":"https:\/\/sunlabpool.com\/fr\/politique-sur-les-fichiers-temoins\/","og_locale":"fr_FR","og_type":"article","og_title":"Politique sur les fichiers t\u00e9moins - Sunlab Pool","og_description":"Politique sur les fichiers t\u00e9moins Derni\u00e8re mise \u00e0 jour: 7 Janvier 2026Chez Sunlab (Le Groupe Vif Inc.), nous souhaitons \u00eatre transparents quant \u00e0 la mani\u00e8re dont nous utilisons des t\u00e9moins (cookies) sur notre site web sunlabpool.com. Nous utilisons une vari\u00e9t\u00e9 de t\u00e9moins. Certains sont essentiels au bon fonctionnement de notre site web ; d\u2019autres peuvent [&hellip;]","og_url":"https:\/\/sunlabpool.com\/fr\/politique-sur-les-fichiers-temoins\/","og_site_name":"Sunlab Pool","article_modified_time":"2026-01-07T17:44:37+00:00","twitter_card":"summary_large_image","twitter_misc":{"Dur\u00e9e de lecture estim\u00e9e":"4 minutes"},"schema":{"@context":"https:\/\/schema.org","@graph":[{"@type":"WebPage","@id":"https:\/\/sunlabpool.com\/fr\/politique-sur-les-fichiers-temoins\/","url":"https:\/\/sunlabpool.com\/fr\/politique-sur-les-fichiers-temoins\/","name":"Politique sur les fichiers t\u00e9moins - Sunlab Pool","isPartOf":{"@id":"https:\/\/sunlabpool.com\/#website"},"datePublished":"2026-01-07T16:25:13+00:00","dateModified":"2026-01-07T17:44:37+00:00","breadcrumb":{"@id":"https:\/\/sunlabpool.com\/fr\/politique-sur-les-fichiers-temoins\/#breadcrumb"},"inLanguage":"fr-FR","potentialAction":[{"@type":"ReadAction","target":["https:\/\/sunlabpool.com\/fr\/politique-sur-les-fichiers-temoins\/"]}]},{"@type":"BreadcrumbList","@id":"https:\/\/sunlabpool.com\/fr\/politique-sur-les-fichiers-temoins\/#breadcrumb","itemListElement":[{"@type":"ListItem","position":1,"name":"Home","item":"https:\/\/sunlabpool.com\/fr\/"},{"@type":"ListItem","position":2,"name":"Politique sur les fichiers t\u00e9moins"}]},{"@type":"WebSite","@id":"https:\/\/sunlabpool.com\/#website","url":"https:\/\/sunlabpool.com\/","name":"Sunlab Pool","description":"","potentialAction":[{"@type":"SearchAction","target":{"@type":"EntryPoint","urlTemplate":"https:\/\/sunlabpool.com\/?s={search_term_string}"},"query-input":{"@type":"PropertyValueSpecification","valueRequired":true,"valueName":"search_term_string"}}],"inLanguage":"fr-FR"}]}},"_links":{"self":[{"href":"https:\/\/sunlabpool.com\/fr\/wp-json\/wp\/v2\/pages\/3922","targetHints":{"allow":["GET"]}}],"collection":[{"href":"https:\/\/sunlabpool.com\/fr\/wp-json\/wp\/v2\/pages"}],"about":[{"href":"https:\/\/sunlabpool.com\/fr\/wp-json\/wp\/v2\/types\/page"}],"author":[{"embeddable":true,"href":"https:\/\/sunlabpool.com\/fr\/wp-json\/wp\/v2\/users\/3"}],"replies":[{"embeddable":true,"href":"https:\/\/sunlabpool.com\/fr\/wp-json\/wp\/v2\/comments?post=3922"}],"version-history":[{"count":15,"href":"https:\/\/sunlabpool.com\/fr\/wp-json\/wp\/v2\/pages\/3922\/revisions"}],"predecessor-version":[{"id":3961,"href":"https:\/\/sunlabpool.com\/fr\/wp-json\/wp\/v2\/pages\/3922\/revisions\/3961"}],"wp:attachment":[{"href":"https:\/\/sunlabpool.com\/fr\/wp-json\/wp\/v2\/media?parent=3922"}],"curies":[{"name":"wp","href":"https:\/\/api.w.org\/{rel}","templated":true}]}}